{"id":4101,"date":"2016-08-23T12:28:56","date_gmt":"2016-08-23T10:28:56","guid":{"rendered":"http:\/\/www.antemeta.fr\/about-us\/company\/equipes\/"},"modified":"2026-04-14T11:33:22","modified_gmt":"2026-04-14T09:33:22","slug":"teams","status":"publish","type":"page","link":"https:\/\/www.antemeta.fr\/en\/about-us\/company\/teams\/","title":{"rendered":"Our teams"},"content":{"rendered":"<p class=\"intro\" style=\"text-align: justify;\">AntemetA\u2019s teams cover the whole of France and are organised into different service departments and centres of expertise. Every AntemetA technician works in conjunction with our 5 centres of expertise in order to respond to our customers\u2019 needs as accurately and as quickly as possible.<\/p>\n<\/p>\n\n\n<h2 class=\"wp-block-heading has-large-font-size\">MANAGEMENT TEAM<\/h2>\n\n\n\n<p>AntemetA\u2019s Management Committee is made up of the managers of the company\u2019s various service departments and its task is to direct the company\u2019s internal strategy.<\/p>\n\n\n\n<div style=\"height:50px\" aria-hidden=\"true\" class=\"wp-block-spacer\"><\/div>\n\n\n\n<div class=\"wp-block-media-text is-stacked-on-mobile is-vertically-aligned-top\"><figure class=\"wp-block-media-text__media\"><img decoding=\"async\" width=\"827\" height=\"1024\" data-src=\"\/wp-content\/uploads\/2019\/09\/SBL-e1568899350572-827x1024.jpg\" alt=\"\" class=\"wp-image-6024 size-full lazyload\" data-srcset=\"\/wp-content\/uploads\/2019\/09\/SBL-e1568899350572-827x1024.jpg 827w, \/wp-content\/uploads\/2019\/09\/SBL-e1568899350572-242x300.jpg 242w, \/wp-content\/uploads\/2019\/09\/SBL-e1568899350572-768x951.jpg 768w, \/wp-content\/uploads\/2019\/09\/SBL-e1568899350572.jpg 1126w\" data-sizes=\"(max-width: 827px) 100vw, 827px\" src=\"data:image\/svg+xml;base64,PHN2ZyB3aWR0aD0iMSIgaGVpZ2h0PSIxIiB4bWxucz0iaHR0cDovL3d3dy53My5vcmcvMjAwMC9zdmciPjwvc3ZnPg==\" style=\"--smush-placeholder-width: 827px; --smush-placeholder-aspect-ratio: 827\/1024;\" \/><\/figure><div class=\"wp-block-media-text__content\">\n<p class=\"has-small-font-size\"><strong>St\u00e9phane BLANC<\/strong> <strong>&#8211; Founding chairman<\/strong><\/p>\n\n\n\n<p class=\"has-small-font-size\">A businessman\u2019s grandson, St\u00e9phane Blanc began his career at Thompson subsidiary Thomainfor (now Osiatis). The company specialised in brokerage and Gecos 6, 7 and 8 Mini Mainframe-compatible drives. During his time as a Business Unit director, he acquired a keen eye for market trends.<\/p>\n\n\n\n<p class=\"has-small-font-size\">On the back of this experience, he created AntemetA in 1995 with the belief that data storage systems would one day be integrated into the Information System\u2019s core. His first challenge, which laid the foundations for AntemetA\u2019s success, was to guarantee interoperability between the SAN Open and UNIX worlds (Solaris, HP-UX, AIX, Tru64).<\/p>\n\n\n\n<p class=\"has-small-font-size\">St\u00e9phane Blanc has been at AntemetA\u2019s helm for 20 years now and has always sought to retain the company\u2019s close-knit family feel as it has grown bigger and bigger.<\/p>\n\n\n\n<ul class=\"wp-block-social-links is-content-justification-right is-layout-flex wp-container-core-social-links-is-layout-765c4724 wp-block-social-links-is-layout-flex\"><li class=\"wp-social-link wp-social-link-linkedin  wp-block-social-link\"><a href=\"https:\/\/www.linkedin.com\/in\/st%C3%A9phane-blanc-10015658?authType=NAME_SEARCH&#038;authToken=YAhb&#038;locale=en_US&#038;trk=tyah&#038;trkInfo=clickedVertical%3Amynetwork%2CclickedEntityId%3A203409936%2CauthType%3ANAME_SEARCH%2Cidx%3A1-2-2%2CtarId%3A1483694067132%2Ctas%3Ast%C3%A9phane\" class=\"wp-block-social-link-anchor\"><svg width=\"24\" height=\"24\" viewBox=\"0 0 24 24\" version=\"1.1\" xmlns=\"http:\/\/www.w3.org\/2000\/svg\" aria-hidden=\"true\" focusable=\"false\"><path d=\"M19.7,3H4.3C3.582,3,3,3.582,3,4.3v15.4C3,20.418,3.582,21,4.3,21h15.4c0.718,0,1.3-0.582,1.3-1.3V4.3 C21,3.582,20.418,3,19.7,3z M8.339,18.338H5.667v-8.59h2.672V18.338z M7.004,8.574c-0.857,0-1.549-0.694-1.549-1.548 c0-0.855,0.691-1.548,1.549-1.548c0.854,0,1.547,0.694,1.547,1.548C8.551,7.881,7.858,8.574,7.004,8.574z M18.339,18.338h-2.669 v-4.177c0-0.996-0.017-2.278-1.387-2.278c-1.389,0-1.601,1.086-1.601,2.206v4.249h-2.667v-8.59h2.559v1.174h0.037 c0.356-0.675,1.227-1.387,2.526-1.387c2.703,0,3.203,1.779,3.203,4.092V18.338z\"><\/path><\/svg><span class=\"wp-block-social-link-label screen-reader-text\">LinkedIn<\/span><\/a><\/li><\/ul>\n<\/div><\/div>\n\n\n\n<div style=\"height:78px\" aria-hidden=\"true\" class=\"wp-block-spacer\"><\/div>\n\n\n\n<div class=\"wp-block-group\"><div class=\"wp-block-group__inner-container is-layout-constrained wp-block-group-is-layout-constrained\">\n<div class=\"wp-block-media-text has-media-on-the-right is-stacked-on-mobile\" style=\"grid-template-columns:auto 35%\"><div class=\"wp-block-media-text__content\">\n<p class=\"has-small-font-size\"><strong>Romain DE LAAGE DE MEUX &#8211; Chief Financial and Administrative Officer<\/strong><\/p>\n\n\n\n<p class=\"has-small-font-size\">Romain de La\u00e2ge de Meux supports AntemetA\u2019s growth by building a robust financial strategy that underpins sustainable performance and rigorous governance. With experience spanning audit and accounting, financial leadership, and the management of complex projects, he has worked in demanding environments, from advisory roles through to leading finance teams. Before joining AntemetA, he oversaw refinancing, divestment, and financial transformation operations at COMAX France. He now brings his expertise to strengthening the Group\u2019s development and financial resilience.<\/p>\n\n\n\n<ul class=\"wp-block-social-links is-content-justification-left is-layout-flex wp-container-core-social-links-is-layout-fdcfc74e wp-block-social-links-is-layout-flex\"><li class=\"wp-social-link wp-social-link-linkedin  wp-block-social-link\"><a href=\"https:\/\/www.linkedin.com\/in\/romain-de-la%C3%A2ge-de-meux-6b445896\/\" class=\"wp-block-social-link-anchor\"><svg width=\"24\" height=\"24\" viewBox=\"0 0 24 24\" version=\"1.1\" xmlns=\"http:\/\/www.w3.org\/2000\/svg\" aria-hidden=\"true\" focusable=\"false\"><path d=\"M19.7,3H4.3C3.582,3,3,3.582,3,4.3v15.4C3,20.418,3.582,21,4.3,21h15.4c0.718,0,1.3-0.582,1.3-1.3V4.3 C21,3.582,20.418,3,19.7,3z M8.339,18.338H5.667v-8.59h2.672V18.338z M7.004,8.574c-0.857,0-1.549-0.694-1.549-1.548 c0-0.855,0.691-1.548,1.549-1.548c0.854,0,1.547,0.694,1.547,1.548C8.551,7.881,7.858,8.574,7.004,8.574z M18.339,18.338h-2.669 v-4.177c0-0.996-0.017-2.278-1.387-2.278c-1.389,0-1.601,1.086-1.601,2.206v4.249h-2.667v-8.59h2.559v1.174h0.037 c0.356-0.675,1.227-1.387,2.526-1.387c2.703,0,3.203,1.779,3.203,4.092V18.338z\"><\/path><\/svg><span class=\"wp-block-social-link-label screen-reader-text\">LinkedIn<\/span><\/a><\/li><\/ul>\n<\/div><figure class=\"wp-block-media-text__media\"><img decoding=\"async\" width=\"300\" height=\"300\" data-src=\"\/wp-content\/uploads\/2026\/03\/Romain-DE-LAAGE-DE-MEUX.jpg\" alt=\"\" class=\"wp-image-9515 size-full lazyload\" data-srcset=\"\/wp-content\/uploads\/2026\/03\/Romain-DE-LAAGE-DE-MEUX.jpg 300w, \/wp-content\/uploads\/2026\/03\/Romain-DE-LAAGE-DE-MEUX-150x150.jpg 150w, \/wp-content\/uploads\/2026\/03\/Romain-DE-LAAGE-DE-MEUX-240x240.jpg 240w\" data-sizes=\"(max-width: 300px) 100vw, 300px\" src=\"data:image\/svg+xml;base64,PHN2ZyB3aWR0aD0iMSIgaGVpZ2h0PSIxIiB4bWxucz0iaHR0cDovL3d3dy53My5vcmcvMjAwMC9zdmciPjwvc3ZnPg==\" style=\"--smush-placeholder-width: 300px; --smush-placeholder-aspect-ratio: 300\/300;\" \/><\/figure><\/div>\n<\/div><\/div>\n\n\n\n<div style=\"height:78px\" aria-hidden=\"true\" class=\"wp-block-spacer\"><\/div>\n\n\n\n<div class=\"wp-block-media-text is-stacked-on-mobile\" style=\"grid-template-columns:25% auto\"><figure class=\"wp-block-media-text__media\"><img decoding=\"async\" width=\"560\" height=\"700\" data-src=\"\/wp-content\/uploads\/2025\/09\/GLE-Photo.jpg\" alt=\"\" class=\"wp-image-9299 size-full lazyload\" data-srcset=\"\/wp-content\/uploads\/2025\/09\/GLE-Photo.jpg 560w, \/wp-content\/uploads\/2025\/09\/GLE-Photo-240x300.jpg 240w\" data-sizes=\"(max-width: 560px) 100vw, 560px\" src=\"data:image\/svg+xml;base64,PHN2ZyB3aWR0aD0iMSIgaGVpZ2h0PSIxIiB4bWxucz0iaHR0cDovL3d3dy53My5vcmcvMjAwMC9zdmciPjwvc3ZnPg==\" style=\"--smush-placeholder-width: 560px; --smush-placeholder-aspect-ratio: 560\/700;\" \/><\/figure><div class=\"wp-block-media-text__content\">\n<p class=\"has-small-font-size\"><br><br><strong>Guillaume LEVY &#8211; Chief Operating Officer<\/strong><\/p>\n\n\n\n<p class=\"has-small-font-size\">Guillaume L\u00e9vy is Chief Operating Officer at AntemetA. With more than 20 years of experience in managing complex IT environments and driving operational performance, he has contributed to the growth of industry-leading companies such as Neurones IT, Equinix, and OVHcloud. He joined AntemetA in September 2025, bringing his expertise in cloud, managed services, and IT operations leadership.<\/p>\n\n\n\n<ul class=\"wp-block-social-links is-content-justification-right is-layout-flex wp-container-core-social-links-is-layout-765c4724 wp-block-social-links-is-layout-flex\"><li class=\"wp-social-link wp-social-link-linkedin  wp-block-social-link\"><a href=\"https:\/\/www.linkedin.com\/in\/guillaume-l%C3%A9vy-51a5116a\/\" class=\"wp-block-social-link-anchor\"><svg width=\"24\" height=\"24\" viewBox=\"0 0 24 24\" version=\"1.1\" xmlns=\"http:\/\/www.w3.org\/2000\/svg\" aria-hidden=\"true\" focusable=\"false\"><path d=\"M19.7,3H4.3C3.582,3,3,3.582,3,4.3v15.4C3,20.418,3.582,21,4.3,21h15.4c0.718,0,1.3-0.582,1.3-1.3V4.3 C21,3.582,20.418,3,19.7,3z M8.339,18.338H5.667v-8.59h2.672V18.338z M7.004,8.574c-0.857,0-1.549-0.694-1.549-1.548 c0-0.855,0.691-1.548,1.549-1.548c0.854,0,1.547,0.694,1.547,1.548C8.551,7.881,7.858,8.574,7.004,8.574z M18.339,18.338h-2.669 v-4.177c0-0.996-0.017-2.278-1.387-2.278c-1.389,0-1.601,1.086-1.601,2.206v4.249h-2.667v-8.59h2.559v1.174h0.037 c0.356-0.675,1.227-1.387,2.526-1.387c2.703,0,3.203,1.779,3.203,4.092V18.338z\"><\/path><\/svg><span class=\"wp-block-social-link-label screen-reader-text\">LinkedIn<\/span><\/a><\/li><\/ul>\n<\/div><\/div>\n\n\n\n<div style=\"height:78px\" aria-hidden=\"true\" class=\"wp-block-spacer\"><\/div>\n\n\n\n<div class=\"wp-block-media-text has-media-on-the-right is-stacked-on-mobile\" style=\"grid-template-columns:auto 39%\"><div class=\"wp-block-media-text__content\">\n<p class=\"has-small-font-size\"><strong>Tania ILIAS &#8211; Chief of Staff<\/strong><\/p>\n\n\n\n<p class=\"has-small-font-size\">With a strong track record in providing strategic support to senior executives, Tania Ilias works alongside the CEO to coordinate cross-functional projects, executive committees, and the Group\u2019s executive communications. She plays a key strategic support role for the company\u2019s Chairman in preparing key decisions.<\/p>\n\n\n\n<p class=\"has-small-font-size\">Her versatile background across multiple industries, combined with a strong understanding of business, strategy, and human resources, brings rigor, agility, and political acumen to AntemetA\u2019s governance.<\/p>\n\n\n\n<ul class=\"wp-block-social-links is-content-justification-left is-layout-flex wp-container-core-social-links-is-layout-fdcfc74e wp-block-social-links-is-layout-flex\"><li class=\"wp-social-link wp-social-link-linkedin  wp-block-social-link\"><a href=\"https:\/\/www.linkedin.com\/in\/taniailias\/\" class=\"wp-block-social-link-anchor\"><svg width=\"24\" height=\"24\" viewBox=\"0 0 24 24\" version=\"1.1\" xmlns=\"http:\/\/www.w3.org\/2000\/svg\" aria-hidden=\"true\" focusable=\"false\"><path d=\"M19.7,3H4.3C3.582,3,3,3.582,3,4.3v15.4C3,20.418,3.582,21,4.3,21h15.4c0.718,0,1.3-0.582,1.3-1.3V4.3 C21,3.582,20.418,3,19.7,3z M8.339,18.338H5.667v-8.59h2.672V18.338z M7.004,8.574c-0.857,0-1.549-0.694-1.549-1.548 c0-0.855,0.691-1.548,1.549-1.548c0.854,0,1.547,0.694,1.547,1.548C8.551,7.881,7.858,8.574,7.004,8.574z M18.339,18.338h-2.669 v-4.177c0-0.996-0.017-2.278-1.387-2.278c-1.389,0-1.601,1.086-1.601,2.206v4.249h-2.667v-8.59h2.559v1.174h0.037 c0.356-0.675,1.227-1.387,2.526-1.387c2.703,0,3.203,1.779,3.203,4.092V18.338z\"><\/path><\/svg><span class=\"wp-block-social-link-label screen-reader-text\">LinkedIn<\/span><\/a><\/li><\/ul>\n<\/div><figure class=\"wp-block-media-text__media\"><img decoding=\"async\" width=\"800\" height=\"800\" data-src=\"\/wp-content\/uploads\/2025\/04\/Tania-ILLIAS.jpg\" alt=\"\" class=\"wp-image-9218 size-full lazyload\" data-srcset=\"\/wp-content\/uploads\/2025\/04\/Tania-ILLIAS.jpg 800w, \/wp-content\/uploads\/2025\/04\/Tania-ILLIAS-300x300.jpg 300w, \/wp-content\/uploads\/2025\/04\/Tania-ILLIAS-150x150.jpg 150w, \/wp-content\/uploads\/2025\/04\/Tania-ILLIAS-768x768.jpg 768w, \/wp-content\/uploads\/2025\/04\/Tania-ILLIAS-240x240.jpg 240w, \/wp-content\/uploads\/2025\/04\/Tania-ILLIAS-480x480.jpg 480w\" data-sizes=\"(max-width: 800px) 100vw, 800px\" src=\"data:image\/svg+xml;base64,PHN2ZyB3aWR0aD0iMSIgaGVpZ2h0PSIxIiB4bWxucz0iaHR0cDovL3d3dy53My5vcmcvMjAwMC9zdmciPjwvc3ZnPg==\" style=\"--smush-placeholder-width: 800px; --smush-placeholder-aspect-ratio: 800\/800;\" \/><\/figure><\/div>\n\n\n\n<div style=\"height:78px\" aria-hidden=\"true\" class=\"wp-block-spacer\"><\/div>\n\n\n\n<h2 class=\"wp-block-heading has-large-font-size\">BOARD<\/h2>\n\n\n\n<p class=\"has-small-font-size\">As external stakeholders of the company, the AntemetA Board is responsible for decisions relating to the company\u2019s development and growth.<\/p>\n\n\n\n<ul class=\"wp-block-list\">\n<li class=\"has-small-font-size\"><strong>St\u00e9phane BLANC<\/strong>,&nbsp;<strong> <\/strong>Founding chairman<\/li>\n\n\n\n<li class=\"has-small-font-size\"><strong>Tania ILIAS<\/strong>, Chief of Staff<\/li>\n\n\n\n<li class=\"has-small-font-size\"><strong>Patrice ARZILLIER<\/strong><\/li>\n\n\n\n<li class=\"has-small-font-size\"><strong>Philippe DUNY<\/strong>,&nbsp;BNP PARIBAS<\/li>\n\n\n\n<li class=\"has-small-font-size\"><strong>Marc JACQUIN<\/strong>,&nbsp;Soci\u00e9t\u00e9 G\u00e9n\u00e9rale<\/li>\n\n\n\n<li class=\"has-small-font-size\"><strong>David SCOTT<\/strong>,&nbsp;Independent Board Director<\/li>\n<\/ul>\n\n\n\n<p><\/p>\n","protected":false},"excerpt":{"rendered":"<p>AntemetA\u2019s teams cover the whole of France and are organised into different service departments and centres of expertise. Every AntemetA technician works in conjunction with our 5 centres of expertise in order to respond to our&#8230;<\/p>\n","protected":false},"author":1,"featured_media":0,"parent":4097,"menu_order":1,"comment_status":"closed","ping_status":"closed","template":"tpl-modules.php","meta":{"footnotes":""},"class_list":["post-4101","page","type-page","status-publish","hentry"],"yoast_head":"<!-- This site is optimized with the Yoast SEO plugin v27.0 - https:\/\/yoast.com\/product\/yoast-seo-wordpress\/ -->\n<title>Our teams - Antemeta<\/title>\n<meta name=\"robots\" content=\"index, follow, max-snippet:-1, max-image-preview:large, max-video-preview:-1\" \/>\n<link rel=\"canonical\" href=\"https:\/\/www.antemeta.fr\/qui-sommes-nous\/societe\/equipes\/\" \/>\n<meta property=\"og:locale\" content=\"en_US\" \/>\n<meta property=\"og:type\" content=\"article\" \/>\n<meta property=\"og:title\" content=\"Our teams - Antemeta\" \/>\n<meta property=\"og:description\" content=\"AntemetA\u2019s teams cover the whole of France and are organised into different service departments and centres of expertise. Every AntemetA technician works in conjunction with our 5 centres of expertise in order to respond to our...\" \/>\n<meta property=\"og:url\" content=\"https:\/\/www.antemeta.fr\/qui-sommes-nous\/societe\/equipes\/\" \/>\n<meta property=\"og:site_name\" content=\"Antemeta\" \/>\n<meta property=\"article:publisher\" content=\"https:\/\/www.facebook.com\/antemeta\" \/>\n<meta property=\"article:modified_time\" content=\"2026-04-14T09:33:22+00:00\" \/>\n<meta property=\"og:image\" content=\"https:\/\/www.antemeta.fr\/wp-content\/uploads\/2017\/06\/logo_vertic_bleu_fond_transparent.png\" \/>\n\t<meta property=\"og:image:width\" content=\"300\" \/>\n\t<meta property=\"og:image:height\" content=\"300\" \/>\n\t<meta property=\"og:image:type\" content=\"image\/png\" \/>\n<meta name=\"twitter:card\" content=\"summary_large_image\" \/>\n<meta name=\"twitter:site\" content=\"@AntemetA\" \/>\n<meta name=\"twitter:label1\" content=\"Est. reading time\" \/>\n\t<meta name=\"twitter:data1\" content=\"1 minute\" \/>\n<script type=\"application\/ld+json\" class=\"yoast-schema-graph\">{\"@context\":\"https:\/\/schema.org\",\"@graph\":[{\"@type\":\"WebPage\",\"@id\":\"https:\/\/www.antemeta.fr\/qui-sommes-nous\/societe\/equipes\/\",\"url\":\"https:\/\/www.antemeta.fr\/qui-sommes-nous\/societe\/equipes\/\",\"name\":\"Our teams - Antemeta\",\"isPartOf\":{\"@id\":\"https:\/\/www.antemeta.fr\/#website\"},\"datePublished\":\"2016-08-23T10:28:56+00:00\",\"dateModified\":\"2026-04-14T09:33:22+00:00\",\"breadcrumb\":{\"@id\":\"https:\/\/www.antemeta.fr\/qui-sommes-nous\/societe\/equipes\/#breadcrumb\"},\"inLanguage\":\"en-US\",\"potentialAction\":[{\"@type\":\"ReadAction\",\"target\":[\"https:\/\/www.antemeta.fr\/qui-sommes-nous\/societe\/equipes\/\"]}]},{\"@type\":\"BreadcrumbList\",\"@id\":\"https:\/\/www.antemeta.fr\/qui-sommes-nous\/societe\/equipes\/#breadcrumb\",\"itemListElement\":[{\"@type\":\"ListItem\",\"position\":1,\"name\":\"Accueil\",\"item\":\"https:\/\/www.antemeta.fr\/en\/\"},{\"@type\":\"ListItem\",\"position\":2,\"name\":\"About us\",\"item\":\"https:\/\/www.antemeta.fr\/en\/about-us\/\"},{\"@type\":\"ListItem\",\"position\":3,\"name\":\"Company\",\"item\":\"https:\/\/www.antemeta.fr\/en\/about-us\/company\/\"},{\"@type\":\"ListItem\",\"position\":4,\"name\":\"Our teams\"}]},{\"@type\":\"WebSite\",\"@id\":\"https:\/\/www.antemeta.fr\/#website\",\"url\":\"https:\/\/www.antemeta.fr\/\",\"name\":\"Antemeta\",\"description\":\"\",\"potentialAction\":[{\"@type\":\"SearchAction\",\"target\":{\"@type\":\"EntryPoint\",\"urlTemplate\":\"https:\/\/www.antemeta.fr\/?s={search_term_string}\"},\"query-input\":{\"@type\":\"PropertyValueSpecification\",\"valueRequired\":true,\"valueName\":\"search_term_string\"}}],\"inLanguage\":\"en-US\"}]}<\/script>\n<!-- \/ Yoast SEO plugin. -->","yoast_head_json":{"title":"Our teams - Antemeta","robots":{"index":"index","follow":"follow","max-snippet":"max-snippet:-1","max-image-preview":"max-image-preview:large","max-video-preview":"max-video-preview:-1"},"canonical":"https:\/\/www.antemeta.fr\/qui-sommes-nous\/societe\/equipes\/","og_locale":"en_US","og_type":"article","og_title":"Our teams - Antemeta","og_description":"AntemetA\u2019s teams cover the whole of France and are organised into different service departments and centres of expertise. Every AntemetA technician works in conjunction with our 5 centres of expertise in order to respond to our...","og_url":"https:\/\/www.antemeta.fr\/qui-sommes-nous\/societe\/equipes\/","og_site_name":"Antemeta","article_publisher":"https:\/\/www.facebook.com\/antemeta","article_modified_time":"2026-04-14T09:33:22+00:00","og_image":[{"width":300,"height":300,"url":"https:\/\/www.antemeta.fr\/wp-content\/uploads\/2017\/06\/logo_vertic_bleu_fond_transparent.png","type":"image\/png"}],"twitter_card":"summary_large_image","twitter_site":"@AntemetA","twitter_misc":{"Est. reading time":"1 minute"},"schema":{"@context":"https:\/\/schema.org","@graph":[{"@type":"WebPage","@id":"https:\/\/www.antemeta.fr\/qui-sommes-nous\/societe\/equipes\/","url":"https:\/\/www.antemeta.fr\/qui-sommes-nous\/societe\/equipes\/","name":"Our teams - Antemeta","isPartOf":{"@id":"https:\/\/www.antemeta.fr\/#website"},"datePublished":"2016-08-23T10:28:56+00:00","dateModified":"2026-04-14T09:33:22+00:00","breadcrumb":{"@id":"https:\/\/www.antemeta.fr\/qui-sommes-nous\/societe\/equipes\/#breadcrumb"},"inLanguage":"en-US","potentialAction":[{"@type":"ReadAction","target":["https:\/\/www.antemeta.fr\/qui-sommes-nous\/societe\/equipes\/"]}]},{"@type":"BreadcrumbList","@id":"https:\/\/www.antemeta.fr\/qui-sommes-nous\/societe\/equipes\/#breadcrumb","itemListElement":[{"@type":"ListItem","position":1,"name":"Accueil","item":"https:\/\/www.antemeta.fr\/en\/"},{"@type":"ListItem","position":2,"name":"About us","item":"https:\/\/www.antemeta.fr\/en\/about-us\/"},{"@type":"ListItem","position":3,"name":"Company","item":"https:\/\/www.antemeta.fr\/en\/about-us\/company\/"},{"@type":"ListItem","position":4,"name":"Our teams"}]},{"@type":"WebSite","@id":"https:\/\/www.antemeta.fr\/#website","url":"https:\/\/www.antemeta.fr\/","name":"Antemeta","description":"","potentialAction":[{"@type":"SearchAction","target":{"@type":"EntryPoint","urlTemplate":"https:\/\/www.antemeta.fr\/?s={search_term_string}"},"query-input":{"@type":"PropertyValueSpecification","valueRequired":true,"valueName":"search_term_string"}}],"inLanguage":"en-US"}]}},"_links":{"self":[{"href":"https:\/\/www.antemeta.fr\/en\/wp-json\/wp\/v2\/pages\/4101","targetHints":{"allow":["GET"]}}],"collection":[{"href":"https:\/\/www.antemeta.fr\/en\/wp-json\/wp\/v2\/pages"}],"about":[{"href":"https:\/\/www.antemeta.fr\/en\/wp-json\/wp\/v2\/types\/page"}],"author":[{"embeddable":true,"href":"https:\/\/www.antemeta.fr\/en\/wp-json\/wp\/v2\/users\/1"}],"replies":[{"embeddable":true,"href":"https:\/\/www.antemeta.fr\/en\/wp-json\/wp\/v2\/comments?post=4101"}],"version-history":[{"count":52,"href":"https:\/\/www.antemeta.fr\/en\/wp-json\/wp\/v2\/pages\/4101\/revisions"}],"predecessor-version":[{"id":9544,"href":"https:\/\/www.antemeta.fr\/en\/wp-json\/wp\/v2\/pages\/4101\/revisions\/9544"}],"up":[{"embeddable":true,"href":"https:\/\/www.antemeta.fr\/en\/wp-json\/wp\/v2\/pages\/4097"}],"wp:attachment":[{"href":"https:\/\/www.antemeta.fr\/en\/wp-json\/wp\/v2\/media?parent=4101"}],"curies":[{"name":"wp","href":"https:\/\/api.w.org\/{rel}","templated":true}]}}