{"id":3983,"date":"2016-09-08T19:38:53","date_gmt":"2016-09-08T17:38:53","guid":{"rendered":"http:\/\/www.antemeta.fr\/cloud-computing\/cyber-securite-as-a-service\/"},"modified":"2020-03-26T14:40:56","modified_gmt":"2020-03-26T13:40:56","slug":"mutualized-soc","status":"publish","type":"page","link":"https:\/\/www.antemeta.fr\/en\/cloud-computing\/mutualized-soc\/","title":{"rendered":"Mutualized SOC"},"content":{"rendered":"","protected":false},"excerpt":{"rendered":"","protected":false},"author":1,"featured_media":0,"parent":3955,"menu_order":2,"comment_status":"closed","ping_status":"closed","template":"tpl-modules.php","meta":{"footnotes":""},"class_list":["post-3983","page","type-page","status-publish","hentry"],"yoast_head":"<!-- This site is optimized with the Yoast SEO plugin v27.0 - https:\/\/yoast.com\/product\/yoast-seo-wordpress\/ -->\n<title>Cyber S\u00e9curit\u00e9 : CS2, le SOC nouvelle g\u00e9n\u00e9ration !<\/title>\n<meta name=\"description\" content=\"Le Centre de Supervision de la Cyber-S\u00e9curit\u00e9 (CS2) AntemetA d\u00e9tecte pour vous, les comportements suspects et les cyber-attaques en temps r\u00e9els.\" \/>\n<meta name=\"robots\" content=\"index, follow, max-snippet:-1, max-image-preview:large, max-video-preview:-1\" \/>\n<link rel=\"canonical\" href=\"https:\/\/www.antemeta.fr\/en\/cloud-computing\/mutualized-soc\/\" \/>\n<meta property=\"og:locale\" content=\"en_US\" \/>\n<meta property=\"og:type\" content=\"article\" \/>\n<meta property=\"og:title\" content=\"Cyber S\u00e9curit\u00e9 : CS2, le SOC nouvelle g\u00e9n\u00e9ration !\" \/>\n<meta property=\"og:description\" content=\"Le Centre de Supervision de la Cyber-S\u00e9curit\u00e9 (CS2) AntemetA d\u00e9tecte pour vous, les comportements suspects et les cyber-attaques en temps r\u00e9els.\" \/>\n<meta property=\"og:url\" content=\"https:\/\/www.antemeta.fr\/en\/cloud-computing\/mutualized-soc\/\" \/>\n<meta property=\"og:site_name\" content=\"Antemeta\" \/>\n<meta property=\"article:publisher\" content=\"https:\/\/www.facebook.com\/antemeta\" \/>\n<meta property=\"article:modified_time\" content=\"2020-03-26T13:40:56+00:00\" \/>\n<meta property=\"og:image\" content=\"https:\/\/www.antemeta.fr\/wp-content\/uploads\/2017\/06\/logo_vertic_bleu_fond_transparent.png\" \/>\n\t<meta property=\"og:image:width\" content=\"300\" \/>\n\t<meta property=\"og:image:height\" content=\"300\" \/>\n\t<meta property=\"og:image:type\" content=\"image\/png\" \/>\n<meta name=\"twitter:card\" content=\"summary_large_image\" \/>\n<meta name=\"twitter:site\" content=\"@AntemetA\" \/>\n<script type=\"application\/ld+json\" class=\"yoast-schema-graph\">{\"@context\":\"https:\/\/schema.org\",\"@graph\":[{\"@type\":\"WebPage\",\"@id\":\"https:\/\/www.antemeta.fr\/en\/cloud-computing\/mutualized-soc\/\",\"url\":\"https:\/\/www.antemeta.fr\/en\/cloud-computing\/mutualized-soc\/\",\"name\":\"Cyber S\u00e9curit\u00e9 : CS2, le SOC nouvelle g\u00e9n\u00e9ration !\",\"isPartOf\":{\"@id\":\"https:\/\/www.antemeta.fr\/#website\"},\"datePublished\":\"2016-09-08T17:38:53+00:00\",\"dateModified\":\"2020-03-26T13:40:56+00:00\",\"description\":\"Le Centre de Supervision de la Cyber-S\u00e9curit\u00e9 (CS2) AntemetA d\u00e9tecte pour vous, les comportements suspects et les cyber-attaques en temps r\u00e9els.\",\"breadcrumb\":{\"@id\":\"https:\/\/www.antemeta.fr\/en\/cloud-computing\/mutualized-soc\/#breadcrumb\"},\"inLanguage\":\"en-US\",\"potentialAction\":[{\"@type\":\"ReadAction\",\"target\":[\"https:\/\/www.antemeta.fr\/en\/cloud-computing\/mutualized-soc\/\"]}]},{\"@type\":\"BreadcrumbList\",\"@id\":\"https:\/\/www.antemeta.fr\/en\/cloud-computing\/mutualized-soc\/#breadcrumb\",\"itemListElement\":[{\"@type\":\"ListItem\",\"position\":1,\"name\":\"Accueil\",\"item\":\"https:\/\/www.antemeta.fr\/en\/\"},{\"@type\":\"ListItem\",\"position\":2,\"name\":\"Our on demand cloud services\",\"item\":\"https:\/\/www.antemeta.fr\/en\/cloud-computing\/\"},{\"@type\":\"ListItem\",\"position\":3,\"name\":\"Mutualized SOC\"}]},{\"@type\":\"WebSite\",\"@id\":\"https:\/\/www.antemeta.fr\/#website\",\"url\":\"https:\/\/www.antemeta.fr\/\",\"name\":\"Antemeta\",\"description\":\"\",\"potentialAction\":[{\"@type\":\"SearchAction\",\"target\":{\"@type\":\"EntryPoint\",\"urlTemplate\":\"https:\/\/www.antemeta.fr\/?s={search_term_string}\"},\"query-input\":{\"@type\":\"PropertyValueSpecification\",\"valueRequired\":true,\"valueName\":\"search_term_string\"}}],\"inLanguage\":\"en-US\"}]}<\/script>\n<!-- \/ Yoast SEO plugin. -->","yoast_head_json":{"title":"Cyber S\u00e9curit\u00e9 : CS2, le SOC nouvelle g\u00e9n\u00e9ration !","description":"Le Centre de Supervision de la Cyber-S\u00e9curit\u00e9 (CS2) AntemetA d\u00e9tecte pour vous, les comportements suspects et les cyber-attaques en temps r\u00e9els.","robots":{"index":"index","follow":"follow","max-snippet":"max-snippet:-1","max-image-preview":"max-image-preview:large","max-video-preview":"max-video-preview:-1"},"canonical":"https:\/\/www.antemeta.fr\/en\/cloud-computing\/mutualized-soc\/","og_locale":"en_US","og_type":"article","og_title":"Cyber S\u00e9curit\u00e9 : CS2, le SOC nouvelle g\u00e9n\u00e9ration !","og_description":"Le Centre de Supervision de la Cyber-S\u00e9curit\u00e9 (CS2) AntemetA d\u00e9tecte pour vous, les comportements suspects et les cyber-attaques en temps r\u00e9els.","og_url":"https:\/\/www.antemeta.fr\/en\/cloud-computing\/mutualized-soc\/","og_site_name":"Antemeta","article_publisher":"https:\/\/www.facebook.com\/antemeta","article_modified_time":"2020-03-26T13:40:56+00:00","og_image":[{"width":300,"height":300,"url":"https:\/\/www.antemeta.fr\/wp-content\/uploads\/2017\/06\/logo_vertic_bleu_fond_transparent.png","type":"image\/png"}],"twitter_card":"summary_large_image","twitter_site":"@AntemetA","schema":{"@context":"https:\/\/schema.org","@graph":[{"@type":"WebPage","@id":"https:\/\/www.antemeta.fr\/en\/cloud-computing\/mutualized-soc\/","url":"https:\/\/www.antemeta.fr\/en\/cloud-computing\/mutualized-soc\/","name":"Cyber S\u00e9curit\u00e9 : CS2, le SOC nouvelle g\u00e9n\u00e9ration !","isPartOf":{"@id":"https:\/\/www.antemeta.fr\/#website"},"datePublished":"2016-09-08T17:38:53+00:00","dateModified":"2020-03-26T13:40:56+00:00","description":"Le Centre de Supervision de la Cyber-S\u00e9curit\u00e9 (CS2) AntemetA d\u00e9tecte pour vous, les comportements suspects et les cyber-attaques en temps r\u00e9els.","breadcrumb":{"@id":"https:\/\/www.antemeta.fr\/en\/cloud-computing\/mutualized-soc\/#breadcrumb"},"inLanguage":"en-US","potentialAction":[{"@type":"ReadAction","target":["https:\/\/www.antemeta.fr\/en\/cloud-computing\/mutualized-soc\/"]}]},{"@type":"BreadcrumbList","@id":"https:\/\/www.antemeta.fr\/en\/cloud-computing\/mutualized-soc\/#breadcrumb","itemListElement":[{"@type":"ListItem","position":1,"name":"Accueil","item":"https:\/\/www.antemeta.fr\/en\/"},{"@type":"ListItem","position":2,"name":"Our on demand cloud services","item":"https:\/\/www.antemeta.fr\/en\/cloud-computing\/"},{"@type":"ListItem","position":3,"name":"Mutualized SOC"}]},{"@type":"WebSite","@id":"https:\/\/www.antemeta.fr\/#website","url":"https:\/\/www.antemeta.fr\/","name":"Antemeta","description":"","potentialAction":[{"@type":"SearchAction","target":{"@type":"EntryPoint","urlTemplate":"https:\/\/www.antemeta.fr\/?s={search_term_string}"},"query-input":{"@type":"PropertyValueSpecification","valueRequired":true,"valueName":"search_term_string"}}],"inLanguage":"en-US"}]}},"_links":{"self":[{"href":"https:\/\/www.antemeta.fr\/en\/wp-json\/wp\/v2\/pages\/3983","targetHints":{"allow":["GET"]}}],"collection":[{"href":"https:\/\/www.antemeta.fr\/en\/wp-json\/wp\/v2\/pages"}],"about":[{"href":"https:\/\/www.antemeta.fr\/en\/wp-json\/wp\/v2\/types\/page"}],"author":[{"embeddable":true,"href":"https:\/\/www.antemeta.fr\/en\/wp-json\/wp\/v2\/users\/1"}],"replies":[{"embeddable":true,"href":"https:\/\/www.antemeta.fr\/en\/wp-json\/wp\/v2\/comments?post=3983"}],"version-history":[{"count":9,"href":"https:\/\/www.antemeta.fr\/en\/wp-json\/wp\/v2\/pages\/3983\/revisions"}],"predecessor-version":[{"id":6777,"href":"https:\/\/www.antemeta.fr\/en\/wp-json\/wp\/v2\/pages\/3983\/revisions\/6777"}],"up":[{"embeddable":true,"href":"https:\/\/www.antemeta.fr\/en\/wp-json\/wp\/v2\/pages\/3955"}],"wp:attachment":[{"href":"https:\/\/www.antemeta.fr\/en\/wp-json\/wp\/v2\/media?parent=3983"}],"curies":[{"name":"wp","href":"https:\/\/api.w.org\/{rel}","templated":true}]}}