{"id":3548,"date":"2016-08-23T12:29:10","date_gmt":"2016-08-23T10:29:10","guid":{"rendered":"http:\/\/www.antemeta.com\/chiffres-cles\/"},"modified":"2020-04-27T13:38:14","modified_gmt":"2020-04-27T11:38:14","slug":"key-figures","status":"publish","type":"page","link":"https:\/\/www.antemeta.fr\/en\/about-us\/company\/key-figures\/","title":{"rendered":"Key figures"},"content":{"rendered":"","protected":false},"excerpt":{"rendered":"","protected":false},"author":1,"featured_media":0,"parent":4097,"menu_order":2,"comment_status":"closed","ping_status":"closed","template":"tpl-modules.php","meta":{"footnotes":""},"class_list":["post-3548","page","type-page","status-publish","hentry"],"yoast_head":"<!-- This site is optimized with the Yoast SEO plugin v27.0 - https:\/\/yoast.com\/product\/yoast-seo-wordpress\/ -->\n<title>AntemetA repr\u00e9sent\u00e9 en chiffres cl\u00e9s<\/title>\n<meta name=\"description\" content=\"Chiffre d&#039;affaires, clients, collaborateurs, contrats, baies install\u00e9es... D\u00e9couvrez l&#039;\u00e9tendu d&#039;AntemetA par l\u2019interm\u00e9diaire de chiffres cl\u00e9s.\" \/>\n<meta name=\"robots\" content=\"index, follow, max-snippet:-1, max-image-preview:large, max-video-preview:-1\" \/>\n<link rel=\"canonical\" href=\"https:\/\/www.antemeta.fr\/en\/about-us\/company\/key-figures\/\" \/>\n<meta property=\"og:locale\" content=\"en_US\" \/>\n<meta property=\"og:type\" content=\"article\" \/>\n<meta property=\"og:title\" content=\"AntemetA repr\u00e9sent\u00e9 en chiffres cl\u00e9s\" \/>\n<meta property=\"og:description\" content=\"Chiffre d&#039;affaires, clients, collaborateurs, contrats, baies install\u00e9es... D\u00e9couvrez l&#039;\u00e9tendu d&#039;AntemetA par l\u2019interm\u00e9diaire de chiffres cl\u00e9s.\" \/>\n<meta property=\"og:url\" content=\"https:\/\/www.antemeta.fr\/en\/about-us\/company\/key-figures\/\" \/>\n<meta property=\"og:site_name\" content=\"Antemeta\" \/>\n<meta property=\"article:publisher\" content=\"https:\/\/www.facebook.com\/antemeta\" \/>\n<meta property=\"article:modified_time\" content=\"2020-04-27T11:38:14+00:00\" \/>\n<meta property=\"og:image\" content=\"https:\/\/www.antemeta.fr\/wp-content\/uploads\/2017\/06\/logo_vertic_bleu_fond_transparent.png\" \/>\n\t<meta property=\"og:image:width\" content=\"300\" \/>\n\t<meta property=\"og:image:height\" content=\"300\" \/>\n\t<meta property=\"og:image:type\" content=\"image\/png\" \/>\n<meta name=\"twitter:card\" content=\"summary_large_image\" \/>\n<meta name=\"twitter:site\" content=\"@AntemetA\" \/>\n<script type=\"application\/ld+json\" class=\"yoast-schema-graph\">{\"@context\":\"https:\/\/schema.org\",\"@graph\":[{\"@type\":\"WebPage\",\"@id\":\"https:\/\/www.antemeta.fr\/en\/about-us\/company\/key-figures\/\",\"url\":\"https:\/\/www.antemeta.fr\/en\/about-us\/company\/key-figures\/\",\"name\":\"AntemetA repr\u00e9sent\u00e9 en chiffres cl\u00e9s\",\"isPartOf\":{\"@id\":\"https:\/\/www.antemeta.fr\/#website\"},\"datePublished\":\"2016-08-23T10:29:10+00:00\",\"dateModified\":\"2020-04-27T11:38:14+00:00\",\"description\":\"Chiffre d'affaires, clients, collaborateurs, contrats, baies install\u00e9es... D\u00e9couvrez l'\u00e9tendu d'AntemetA par l\u2019interm\u00e9diaire de chiffres cl\u00e9s.\",\"breadcrumb\":{\"@id\":\"https:\/\/www.antemeta.fr\/en\/about-us\/company\/key-figures\/#breadcrumb\"},\"inLanguage\":\"en-US\",\"potentialAction\":[{\"@type\":\"ReadAction\",\"target\":[\"https:\/\/www.antemeta.fr\/en\/about-us\/company\/key-figures\/\"]}]},{\"@type\":\"BreadcrumbList\",\"@id\":\"https:\/\/www.antemeta.fr\/en\/about-us\/company\/key-figures\/#breadcrumb\",\"itemListElement\":[{\"@type\":\"ListItem\",\"position\":1,\"name\":\"Accueil\",\"item\":\"https:\/\/www.antemeta.fr\/en\/\"},{\"@type\":\"ListItem\",\"position\":2,\"name\":\"About us\",\"item\":\"https:\/\/www.antemeta.fr\/en\/about-us\/\"},{\"@type\":\"ListItem\",\"position\":3,\"name\":\"Company\",\"item\":\"https:\/\/www.antemeta.fr\/en\/about-us\/company\/\"},{\"@type\":\"ListItem\",\"position\":4,\"name\":\"Key figures\"}]},{\"@type\":\"WebSite\",\"@id\":\"https:\/\/www.antemeta.fr\/#website\",\"url\":\"https:\/\/www.antemeta.fr\/\",\"name\":\"Antemeta\",\"description\":\"\",\"potentialAction\":[{\"@type\":\"SearchAction\",\"target\":{\"@type\":\"EntryPoint\",\"urlTemplate\":\"https:\/\/www.antemeta.fr\/?s={search_term_string}\"},\"query-input\":{\"@type\":\"PropertyValueSpecification\",\"valueRequired\":true,\"valueName\":\"search_term_string\"}}],\"inLanguage\":\"en-US\"}]}<\/script>\n<!-- \/ Yoast SEO plugin. -->","yoast_head_json":{"title":"AntemetA repr\u00e9sent\u00e9 en chiffres cl\u00e9s","description":"Chiffre d'affaires, clients, collaborateurs, contrats, baies install\u00e9es... D\u00e9couvrez l'\u00e9tendu d'AntemetA par l\u2019interm\u00e9diaire de chiffres cl\u00e9s.","robots":{"index":"index","follow":"follow","max-snippet":"max-snippet:-1","max-image-preview":"max-image-preview:large","max-video-preview":"max-video-preview:-1"},"canonical":"https:\/\/www.antemeta.fr\/en\/about-us\/company\/key-figures\/","og_locale":"en_US","og_type":"article","og_title":"AntemetA repr\u00e9sent\u00e9 en chiffres cl\u00e9s","og_description":"Chiffre d'affaires, clients, collaborateurs, contrats, baies install\u00e9es... D\u00e9couvrez l'\u00e9tendu d'AntemetA par l\u2019interm\u00e9diaire de chiffres cl\u00e9s.","og_url":"https:\/\/www.antemeta.fr\/en\/about-us\/company\/key-figures\/","og_site_name":"Antemeta","article_publisher":"https:\/\/www.facebook.com\/antemeta","article_modified_time":"2020-04-27T11:38:14+00:00","og_image":[{"width":300,"height":300,"url":"https:\/\/www.antemeta.fr\/wp-content\/uploads\/2017\/06\/logo_vertic_bleu_fond_transparent.png","type":"image\/png"}],"twitter_card":"summary_large_image","twitter_site":"@AntemetA","schema":{"@context":"https:\/\/schema.org","@graph":[{"@type":"WebPage","@id":"https:\/\/www.antemeta.fr\/en\/about-us\/company\/key-figures\/","url":"https:\/\/www.antemeta.fr\/en\/about-us\/company\/key-figures\/","name":"AntemetA repr\u00e9sent\u00e9 en chiffres cl\u00e9s","isPartOf":{"@id":"https:\/\/www.antemeta.fr\/#website"},"datePublished":"2016-08-23T10:29:10+00:00","dateModified":"2020-04-27T11:38:14+00:00","description":"Chiffre d'affaires, clients, collaborateurs, contrats, baies install\u00e9es... D\u00e9couvrez l'\u00e9tendu d'AntemetA par l\u2019interm\u00e9diaire de chiffres cl\u00e9s.","breadcrumb":{"@id":"https:\/\/www.antemeta.fr\/en\/about-us\/company\/key-figures\/#breadcrumb"},"inLanguage":"en-US","potentialAction":[{"@type":"ReadAction","target":["https:\/\/www.antemeta.fr\/en\/about-us\/company\/key-figures\/"]}]},{"@type":"BreadcrumbList","@id":"https:\/\/www.antemeta.fr\/en\/about-us\/company\/key-figures\/#breadcrumb","itemListElement":[{"@type":"ListItem","position":1,"name":"Accueil","item":"https:\/\/www.antemeta.fr\/en\/"},{"@type":"ListItem","position":2,"name":"About us","item":"https:\/\/www.antemeta.fr\/en\/about-us\/"},{"@type":"ListItem","position":3,"name":"Company","item":"https:\/\/www.antemeta.fr\/en\/about-us\/company\/"},{"@type":"ListItem","position":4,"name":"Key figures"}]},{"@type":"WebSite","@id":"https:\/\/www.antemeta.fr\/#website","url":"https:\/\/www.antemeta.fr\/","name":"Antemeta","description":"","potentialAction":[{"@type":"SearchAction","target":{"@type":"EntryPoint","urlTemplate":"https:\/\/www.antemeta.fr\/?s={search_term_string}"},"query-input":{"@type":"PropertyValueSpecification","valueRequired":true,"valueName":"search_term_string"}}],"inLanguage":"en-US"}]}},"_links":{"self":[{"href":"https:\/\/www.antemeta.fr\/en\/wp-json\/wp\/v2\/pages\/3548","targetHints":{"allow":["GET"]}}],"collection":[{"href":"https:\/\/www.antemeta.fr\/en\/wp-json\/wp\/v2\/pages"}],"about":[{"href":"https:\/\/www.antemeta.fr\/en\/wp-json\/wp\/v2\/types\/page"}],"author":[{"embeddable":true,"href":"https:\/\/www.antemeta.fr\/en\/wp-json\/wp\/v2\/users\/1"}],"replies":[{"embeddable":true,"href":"https:\/\/www.antemeta.fr\/en\/wp-json\/wp\/v2\/comments?post=3548"}],"version-history":[{"count":7,"href":"https:\/\/www.antemeta.fr\/en\/wp-json\/wp\/v2\/pages\/3548\/revisions"}],"predecessor-version":[{"id":6919,"href":"https:\/\/www.antemeta.fr\/en\/wp-json\/wp\/v2\/pages\/3548\/revisions\/6919"}],"up":[{"embeddable":true,"href":"https:\/\/www.antemeta.fr\/en\/wp-json\/wp\/v2\/pages\/4097"}],"wp:attachment":[{"href":"https:\/\/www.antemeta.fr\/en\/wp-json\/wp\/v2\/media?parent=3548"}],"curies":[{"name":"wp","href":"https:\/\/api.w.org\/{rel}","templated":true}]}}